{"id":2285,"date":"2016-10-10T20:33:40","date_gmt":"2016-10-10T20:33:40","guid":{"rendered":"http:\/\/parchotel.net\/de\/?post_type=product&#038;p=2285"},"modified":"2025-12-28T19:22:29","modified_gmt":"2025-12-28T19:22:29","slug":"elsaessische-woche","status":"publish","type":"product","link":"https:\/\/parchotel.net\/de\/produit\/elsaessische-woche\/","title":{"rendered":"Eine els\u00e4ssische Woche \/ 7 N\u00e4chte"},"content":{"rendered":"","protected":false},"excerpt":{"rendered":"<p>\u2022 7 N\u00e4chte in einem Doppelzimmer<br \/>\n\u2022 7 Fr\u00fchst\u00fccksbuffet mit Cr\u00e9mant d\u2019Alsace<br \/>\n\u2022 7 Halbpension Abendessen(4 G\u00e4nge Menu \u2013 ohne Getr\u00e4nke)<br \/>\n\u2022 1 Flasche Cr\u00e9mant d\u2019Alsace pro\u00a0Zimmer<br \/>\n\u2022 1 Weinverkostung<br \/>\n\u2022 Unbegrenzter Zutritt zum Wellnessbereich (Schwimmbad, Sauna, Dampfbad, Salzgrotte..)<\/p>\n<p><span style=\"color: #991e4b;\">Preis: ab 529\u20ac\/Person<\/span><\/p>\n","protected":false},"featured_media":19021,"comment_status":"closed","ping_status":"closed","template":"","meta":{"_seopress_robots_primary_cat":"none","_seopress_titles_title":"","_seopress_titles_desc":"%%title%% sonderangebot hotel restaurant im elsass, buchung sonderangebote %%sitename%%Spa Wochenende | Hotel mit Pool im Elsass","_seopress_robots_index":""},"etheme_brands":[],"product_brand":[],"product_cat":[48,46],"product_tag":[],"class_list":{"0":"post-2285","1":"product","2":"type-product","3":"status-publish","4":"has-post-thumbnail","6":"product_cat-alle-unsere-angebote","7":"product_cat-sonderangebot","9":"first","10":"instock","11":"virtual","12":"sold-individually","13":"purchasable","14":"product-type-simple"},"_links":{"self":[{"href":"https:\/\/parchotel.net\/de\/wp-json\/wp\/v2\/product\/2285","targetHints":{"allow":["GET"]}}],"collection":[{"href":"https:\/\/parchotel.net\/de\/wp-json\/wp\/v2\/product"}],"about":[{"href":"https:\/\/parchotel.net\/de\/wp-json\/wp\/v2\/types\/product"}],"replies":[{"embeddable":true,"href":"https:\/\/parchotel.net\/de\/wp-json\/wp\/v2\/comments?post=2285"}],"wp:featuredmedia":[{"embeddable":true,"href":"https:\/\/parchotel.net\/de\/wp-json\/wp\/v2\/media\/19021"}],"wp:attachment":[{"href":"https:\/\/parchotel.net\/de\/wp-json\/wp\/v2\/media?parent=2285"}],"wp:term":[{"taxonomy":"brand","embeddable":true,"href":"https:\/\/parchotel.net\/de\/wp-json\/wp\/v2\/etheme_brands?post=2285"},{"taxonomy":"product_brand","embeddable":true,"href":"https:\/\/parchotel.net\/de\/wp-json\/wp\/v2\/product_brand?post=2285"},{"taxonomy":"product_cat","embeddable":true,"href":"https:\/\/parchotel.net\/de\/wp-json\/wp\/v2\/product_cat?post=2285"},{"taxonomy":"product_tag","embeddable":true,"href":"https:\/\/parchotel.net\/de\/wp-json\/wp\/v2\/product_tag?post=2285"}],"curies":[{"name":"wp","href":"https:\/\/api.w.org\/{rel}","templated":true}]}}