{"id":2283,"date":"2016-10-09T16:53:04","date_gmt":"2016-10-09T16:53:04","guid":{"rendered":"http:\/\/parchotel.net\/de\/?post_type=product&#038;p=2283"},"modified":"2025-12-28T19:22:19","modified_gmt":"2025-12-28T19:22:19","slug":"elsassische-aufenthalt","status":"publish","type":"product","link":"https:\/\/parchotel.net\/de\/produit\/elsassische-aufenthalt\/","title":{"rendered":"Els\u00e4ssischer Aufenthalt \/ 3 N\u00e4chte"},"content":{"rendered":"","protected":false},"excerpt":{"rendered":"<p>\u2022 3 N\u00e4chte in einem Doppelzimmer<br \/>\n\u2022 3 Fr\u00fchst\u00fccksbuffet mit Cr\u00e9mant d\u2019Alsace<br \/>\n\u2022 3 Halbpension Abendessen(4 G\u00e4nge Menu \u2013 ohne Getr\u00e4nke)<br \/>\n\u2022 1 Flasche Cr\u00e9mant d\u2019Alsace pro\u00a0Zimmer<br \/>\n\u2022 1 Weinverkostung<br \/>\n\u2022 Unbegrenzter Zutritt zum Wellnessbereich (Schwimmbad, Sauna,Dampfbad, Salzgrotte..)<\/p>\n<p><span style=\"color: #991e4b;\">Preis: ab 249\u20ac\/Person<\/span><\/p>\n","protected":false},"featured_media":19012,"comment_status":"closed","ping_status":"closed","template":"","meta":{"_seopress_robots_primary_cat":"none","_seopress_titles_title":"","_seopress_titles_desc":"","_seopress_robots_index":""},"etheme_brands":[],"product_brand":[],"product_cat":[48,46],"product_tag":[],"class_list":{"0":"post-2283","1":"product","2":"type-product","3":"status-publish","4":"has-post-thumbnail","6":"product_cat-alle-unsere-angebote","7":"product_cat-sonderangebot","9":"first","10":"instock","11":"virtual","12":"sold-individually","13":"purchasable","14":"product-type-simple"},"_links":{"self":[{"href":"https:\/\/parchotel.net\/de\/wp-json\/wp\/v2\/product\/2283","targetHints":{"allow":["GET"]}}],"collection":[{"href":"https:\/\/parchotel.net\/de\/wp-json\/wp\/v2\/product"}],"about":[{"href":"https:\/\/parchotel.net\/de\/wp-json\/wp\/v2\/types\/product"}],"replies":[{"embeddable":true,"href":"https:\/\/parchotel.net\/de\/wp-json\/wp\/v2\/comments?post=2283"}],"wp:featuredmedia":[{"embeddable":true,"href":"https:\/\/parchotel.net\/de\/wp-json\/wp\/v2\/media\/19012"}],"wp:attachment":[{"href":"https:\/\/parchotel.net\/de\/wp-json\/wp\/v2\/media?parent=2283"}],"wp:term":[{"taxonomy":"brand","embeddable":true,"href":"https:\/\/parchotel.net\/de\/wp-json\/wp\/v2\/etheme_brands?post=2283"},{"taxonomy":"product_brand","embeddable":true,"href":"https:\/\/parchotel.net\/de\/wp-json\/wp\/v2\/product_brand?post=2283"},{"taxonomy":"product_cat","embeddable":true,"href":"https:\/\/parchotel.net\/de\/wp-json\/wp\/v2\/product_cat?post=2283"},{"taxonomy":"product_tag","embeddable":true,"href":"https:\/\/parchotel.net\/de\/wp-json\/wp\/v2\/product_tag?post=2283"}],"curies":[{"name":"wp","href":"https:\/\/api.w.org\/{rel}","templated":true}]}}