{"id":13836,"date":"2017-10-22T19:30:26","date_gmt":"2017-10-22T19:30:26","guid":{"rendered":"https:\/\/parchotel.net\/de\/parc-hotel-specials-offers\/soiree-etape\/"},"modified":"2026-01-10T08:42:19","modified_gmt":"2026-01-10T08:42:19","slug":"abendschritt-paket","status":"publish","type":"product","link":"https:\/\/parchotel.net\/de\/produit\/abendschritt-paket\/","title":{"rendered":"ABENDSCHRITT-PAKET"},"content":{"rendered":"","protected":false},"excerpt":{"rendered":"<p>** Dieses Angebot gilt f\u00fcr alle Personen auf\u00a0Gesch\u00e4ftsreise.<\/p>\n<p>\u2713 Unterkunft<br \/>\n\u2713 Abendessen (4-G\u00e4nge-Men\u00fc ohne Getr\u00e4nke)<br \/>\n\u2713 Fr\u00fchst\u00fccksbuffet und Cr\u00e9mant d&#8217;Alsace<\/p>\n<p><span style=\"color: #980100;\">Preis:<strong> 99\u20ac<\/strong> \/ Tag &#8211; 1 Person<\/span><\/p>\n","protected":false},"featured_media":19005,"comment_status":"closed","ping_status":"closed","template":"","meta":{"_seopress_robots_primary_cat":"none","_seopress_titles_title":"","_seopress_titles_desc":"","_seopress_robots_index":""},"etheme_brands":[],"product_brand":[],"product_cat":[42,60],"product_tag":[],"class_list":{"0":"post-13836","1":"product","2":"type-product","3":"status-publish","4":"has-post-thumbnail","6":"product_cat-alles-inklusive","7":"product_cat-forfait-soiree-etape-de","9":"first","10":"instock","11":"virtual","12":"sold-individually","13":"purchasable","14":"product-type-simple"},"_links":{"self":[{"href":"https:\/\/parchotel.net\/de\/wp-json\/wp\/v2\/product\/13836","targetHints":{"allow":["GET"]}}],"collection":[{"href":"https:\/\/parchotel.net\/de\/wp-json\/wp\/v2\/product"}],"about":[{"href":"https:\/\/parchotel.net\/de\/wp-json\/wp\/v2\/types\/product"}],"replies":[{"embeddable":true,"href":"https:\/\/parchotel.net\/de\/wp-json\/wp\/v2\/comments?post=13836"}],"wp:featuredmedia":[{"embeddable":true,"href":"https:\/\/parchotel.net\/de\/wp-json\/wp\/v2\/media\/19005"}],"wp:attachment":[{"href":"https:\/\/parchotel.net\/de\/wp-json\/wp\/v2\/media?parent=13836"}],"wp:term":[{"taxonomy":"brand","embeddable":true,"href":"https:\/\/parchotel.net\/de\/wp-json\/wp\/v2\/etheme_brands?post=13836"},{"taxonomy":"product_brand","embeddable":true,"href":"https:\/\/parchotel.net\/de\/wp-json\/wp\/v2\/product_brand?post=13836"},{"taxonomy":"product_cat","embeddable":true,"href":"https:\/\/parchotel.net\/de\/wp-json\/wp\/v2\/product_cat?post=13836"},{"taxonomy":"product_tag","embeddable":true,"href":"https:\/\/parchotel.net\/de\/wp-json\/wp\/v2\/product_tag?post=13836"}],"curies":[{"name":"wp","href":"https:\/\/api.w.org\/{rel}","templated":true}]}}